{"id":17,"date":"2025-11-12T01:53:26","date_gmt":"2025-11-12T04:53:26","guid":{"rendered":"https:\/\/projetos.nextautomatik.com\/finaestampa\/carrinho\/"},"modified":"2025-11-16T02:06:07","modified_gmt":"2025-11-16T05:06:07","slug":"carrinho","status":"publish","type":"page","link":"https:\/\/projetos.nextautomatik.com\/finaestampa\/carrinho\/","title":{"rendered":"Carrinho"},"content":{"rendered":"\t\t<div data-elementor-type=\"wp-page\" data-elementor-id=\"17\" class=\"elementor elementor-17\" data-elementor-post-type=\"page\">\n\t\t\t\t<div class=\"elementor-element elementor-element-7a09b87 e-flex e-con-boxed e-con e-parent\" data-id=\"7a09b87\" data-element_type=\"container\" data-e-type=\"container\">\n\t\t\t\t\t<div class=\"e-con-inner\">\n\t\t\t\t\t<\/div>\n\t\t\t\t<\/div>\n\t\t\t\t<\/div>\n\t\t","protected":false},"excerpt":{"rendered":"<p>Remover item Imagem de miniatura Produto Pre\u00e7o Quantidade Subtotal &times; Vestido longo de al\u00e7a &#82;&#36;200.00 Vestido longo de al\u00e7a quantidade &#82;&#36;200.00 &times; Blusa de malha manga longa &#8211; Lil\u00e1s, G &#82;&#36;89.00 Blusa de malha manga longa &#8211; Lil\u00e1s, G quantidade &#82;&#36;89.00 Aplicar Cupom Total do Carrinho Subtotal &#82;&#36;289.00 Entrega Os custos de entrega ser\u00e3o calculados [&hellip;]<\/p>\n","protected":false},"author":2,"featured_media":0,"parent":0,"menu_order":0,"comment_status":"closed","ping_status":"closed","template":"","meta":{"footnotes":""},"class_list":["post-17","page","type-page","status-publish","hentry"],"_links":{"self":[{"href":"https:\/\/projetos.nextautomatik.com\/finaestampa\/wp-json\/wp\/v2\/pages\/17","targetHints":{"allow":["GET"]}}],"collection":[{"href":"https:\/\/projetos.nextautomatik.com\/finaestampa\/wp-json\/wp\/v2\/pages"}],"about":[{"href":"https:\/\/projetos.nextautomatik.com\/finaestampa\/wp-json\/wp\/v2\/types\/page"}],"author":[{"embeddable":true,"href":"https:\/\/projetos.nextautomatik.com\/finaestampa\/wp-json\/wp\/v2\/users\/2"}],"replies":[{"embeddable":true,"href":"https:\/\/projetos.nextautomatik.com\/finaestampa\/wp-json\/wp\/v2\/comments?post=17"}],"version-history":[{"count":7,"href":"https:\/\/projetos.nextautomatik.com\/finaestampa\/wp-json\/wp\/v2\/pages\/17\/revisions"}],"predecessor-version":[{"id":552,"href":"https:\/\/projetos.nextautomatik.com\/finaestampa\/wp-json\/wp\/v2\/pages\/17\/revisions\/552"}],"wp:attachment":[{"href":"https:\/\/projetos.nextautomatik.com\/finaestampa\/wp-json\/wp\/v2\/media?parent=17"}],"curies":[{"name":"wp","href":"https:\/\/api.w.org\/{rel}","templated":true}]}}