{"id":19,"date":"2025-11-12T01:53:26","date_gmt":"2025-11-12T04:53:26","guid":{"rendered":"https:\/\/projetos.nextautomatik.com\/finaestampa\/minha-conta\/"},"modified":"2025-11-16T02:06:18","modified_gmt":"2025-11-16T05:06:18","slug":"minha-conta","status":"publish","type":"page","link":"https:\/\/projetos.nextautomatik.com\/finaestampa\/minha-conta\/","title":{"rendered":"Minha conta"},"content":{"rendered":"\t\t<div data-elementor-type=\"wp-page\" data-elementor-id=\"19\" class=\"elementor elementor-19\" data-elementor-post-type=\"page\">\n\t\t\t\t<div class=\"elementor-element elementor-element-dd05e36 e-flex e-con-boxed e-con e-parent\" data-id=\"dd05e36\" data-element_type=\"container\" data-e-type=\"container\">\n\t\t\t\t\t<div class=\"e-con-inner\">\n\t\t\t\t<div class=\"elementor-element elementor-element-f64ca4f e-my-account-tabs-horizontal elementor-widget elementor-widget-woocommerce-my-account\" data-id=\"f64ca4f\" data-element_type=\"widget\" data-e-type=\"widget\" data-widget_type=\"woocommerce-my-account.default\">\n\t\t\t\t\t<div class=\"e-my-account-tab e-my-account-tab__ \">\t\t\t<div class=\"woocommerce\"><\/div>\t\t<\/div>\n\t\t\t\t\t\t<\/div>\n\t\t\t\t\t<\/div>\n\t\t\t\t<\/div>\n\t\t\t\t<\/div>\n\t\t","protected":false},"excerpt":{"rendered":"<p>Painel Pedidos Downloads Endere\u00e7o Detalhes da Conta Sair Painel Pedidos Downloads Endere\u00e7o Detalhes da Conta Sair Ol\u00e1, leonardo (n\u00e3o \u00e9 leonardo? Sair) A partir do painel de controle de sua conta, voc\u00ea pode ver suas compras recentes, gerenciar seus endere\u00e7os de entrega e cobran\u00e7a, e editar sua senha e detalhes da conta.<\/p>\n","protected":false},"author":2,"featured_media":0,"parent":0,"menu_order":0,"comment_status":"closed","ping_status":"closed","template":"","meta":{"footnotes":""},"class_list":["post-19","page","type-page","status-publish","hentry"],"_links":{"self":[{"href":"https:\/\/projetos.nextautomatik.com\/finaestampa\/wp-json\/wp\/v2\/pages\/19","targetHints":{"allow":["GET"]}}],"collection":[{"href":"https:\/\/projetos.nextautomatik.com\/finaestampa\/wp-json\/wp\/v2\/pages"}],"about":[{"href":"https:\/\/projetos.nextautomatik.com\/finaestampa\/wp-json\/wp\/v2\/types\/page"}],"author":[{"embeddable":true,"href":"https:\/\/projetos.nextautomatik.com\/finaestampa\/wp-json\/wp\/v2\/users\/2"}],"replies":[{"embeddable":true,"href":"https:\/\/projetos.nextautomatik.com\/finaestampa\/wp-json\/wp\/v2\/comments?post=19"}],"version-history":[{"count":6,"href":"https:\/\/projetos.nextautomatik.com\/finaestampa\/wp-json\/wp\/v2\/pages\/19\/revisions"}],"predecessor-version":[{"id":555,"href":"https:\/\/projetos.nextautomatik.com\/finaestampa\/wp-json\/wp\/v2\/pages\/19\/revisions\/555"}],"wp:attachment":[{"href":"https:\/\/projetos.nextautomatik.com\/finaestampa\/wp-json\/wp\/v2\/media?parent=19"}],"curies":[{"name":"wp","href":"https:\/\/api.w.org\/{rel}","templated":true}]}}