{"id":3,"date":"2025-11-12T04:42:14","date_gmt":"2025-11-12T04:42:14","guid":{"rendered":"https:\/\/projetos.nextautomatik.com\/finaestampa\/?page_id=3"},"modified":"2025-11-16T02:25:41","modified_gmt":"2025-11-16T05:25:41","slug":"privacy-policy","status":"publish","type":"page","link":"https:\/\/projetos.nextautomatik.com\/finaestampa\/privacy-policy\/","title":{"rendered":"Pol\u00edtica de Privacidade"},"content":{"rendered":"\t\t<div data-elementor-type=\"wp-page\" data-elementor-id=\"3\" class=\"elementor elementor-3\" data-elementor-post-type=\"page\">\n\t\t\t\t<div class=\"elementor-element elementor-element-57b13b6e e-flex e-con-boxed e-con e-parent\" data-id=\"57b13b6e\" data-element_type=\"container\" data-e-type=\"container\">\n\t\t\t\t\t<div class=\"e-con-inner\">\n\t\t\t\t<div class=\"elementor-element elementor-element-6276c43e elementor-widget elementor-widget-text-editor\" data-id=\"6276c43e\" data-element_type=\"widget\" data-e-type=\"widget\" data-widget_type=\"text-editor.default\">\n\t\t\t\t\t\t\t\t\t\n<h1 class=\"wp-block-heading\"><strong>Quem somos<\/strong><\/h1>\n\n<p>Esta loja funciona como <strong>projeto de portf\u00f3lio<\/strong>, criada para demonstra\u00e7\u00e3o e fins profissionais.<br \/>Nosso endere\u00e7o de site \u00e9: <span style=\"color: #6d2993;\"><strong><a style=\"color: #6d2993;\" href=\"https:\/\/projetos.nextautomatik.com\/finaestampa\">https:\/\/projetos.nextautomatik.com\/finaestampa<\/a><\/strong>.<\/span><\/p>\n\n<p>Se voc\u00ea gostar da loja e quiser solicitar o desenvolvimento de uma loja personalizada, entre em contato pelo e-mail: <strong><a>contato@nextautomatik.com<\/a><\/strong>.<\/p>\n\n<h1 class=\"wp-block-heading\"><strong>Coment\u00e1rios<\/strong><\/h1>\n\n<p>Quando os visitantes deixam coment\u00e1rios no site, coletamos os dados exibidos no formul\u00e1rio de coment\u00e1rios, al\u00e9m do endere\u00e7o IP e da identifica\u00e7\u00e3o do navegador, para auxiliar na detec\u00e7\u00e3o de spam.<\/p>\n\n<p>Uma sequ\u00eancia anonimizada (hash) criada a partir do seu e-mail pode ser enviada ao servi\u00e7o Gravatar para verificar se voc\u00ea o utiliza. A pol\u00edtica de privacidade do Gravatar est\u00e1 dispon\u00edvel em: <a href=\"https:\/\/automattic.com\/privacy\/\">https:\/\/automattic.com\/privacy\/<\/a>. Ap\u00f3s a aprova\u00e7\u00e3o do coment\u00e1rio, sua foto de perfil se torna p\u00fablica no contexto do coment\u00e1rio.<\/p>\n\n<h1 class=\"wp-block-heading\"><strong>M\u00eddia<\/strong><\/h1>\n\n<p>Se voc\u00ea enviar imagens para o site, evite imagens que contenham dados de localiza\u00e7\u00e3o (EXIF GPS). Visitantes podem baixar e extrair informa\u00e7\u00f5es de localiza\u00e7\u00e3o de qualquer imagem do site.<\/p>\n\n<h1 class=\"wp-block-heading\"><strong>Cookies<\/strong><\/h1>\n\n<p>Se voc\u00ea deixar um coment\u00e1rio, pode optar por salvar seu nome, e-mail e site nos cookies. Isso facilita seu uso, evitando preencher informa\u00e7\u00f5es novamente. Esses cookies duram <strong>um ano<\/strong>.<\/p>\n\n<p>Ao visitar a p\u00e1gina de login, ser\u00e1 criado um cookie tempor\u00e1rio apenas para verificar se seu navegador aceita cookies. Ele n\u00e3o cont\u00e9m dados pessoais e \u00e9 apagado ao fechar o navegador.<\/p>\n\n<p>Ao fazer login, criamos cookies para salvar suas informa\u00e7\u00f5es de acesso e prefer\u00eancias de exibi\u00e7\u00e3o:<\/p>\n\n<ul class=\"wp-block-list\">\n<li>Cookies de login duram <strong>2 dias<\/strong>.<\/li>\n\n<li>Cookies de op\u00e7\u00f5es de tela duram <strong>1 ano<\/strong>.<\/li>\n\n<li>Caso selecione \u201cLembrar-me\u201d, seu login persistir\u00e1 por <strong>2 semanas<\/strong>.<\/li>\n<\/ul>\n\n<p>Ao sair da conta, os cookies de login s\u00e3o apagados.<\/p>\n\n<p>Se voc\u00ea editar ou publicar um artigo, um cookie adicional ser\u00e1 salvo, contendo apenas o ID do post editado. Expira ap\u00f3s <strong>1 dia<\/strong>.<\/p>\n\n<h1 class=\"wp-block-heading\"><strong>Conte\u00fado incorporado de outros sites<\/strong><\/h1>\n\n<p>Artigos neste site podem incluir v\u00eddeos, imagens, textos ou outros conte\u00fados incorporados. O comportamento desse conte\u00fado \u00e9 o mesmo como se voc\u00ea estivesse acessando diretamente o site de origem.<\/p>\n\n<p>Esses sites podem coletar dados sobre voc\u00ea, utilizar cookies, adicionar rastreamento de terceiros e monitorar suas intera\u00e7\u00f5es com o conte\u00fado incorporado.<\/p>\n\n<h1 class=\"wp-block-heading\"><strong>Com quem compartilhamos seus dados<\/strong><\/h1>\n\n<p>Se voc\u00ea solicitar redefini\u00e7\u00e3o de senha, seu endere\u00e7o IP ser\u00e1 inclu\u00eddo no e-mail de redefini\u00e7\u00e3o.<\/p>\n\n<h1 class=\"wp-block-heading\"><strong>Por quanto tempo mantemos seus dados<\/strong><\/h1>\n\n<p>Coment\u00e1rios e seus metadados s\u00e3o armazenados indefinidamente, permitindo o reconhecimento e a aprova\u00e7\u00e3o autom\u00e1tica de coment\u00e1rios futuros.<\/p>\n\n<p>Se houver cadastro de usu\u00e1rios na plataforma, os dados informados s\u00e3o armazenados no perfil. Usu\u00e1rios podem visualizar, editar ou excluir seus dados pessoais a qualquer momento (exceto o nome de usu\u00e1rio). Administradores do site tamb\u00e9m podem acessar e modificar essas informa\u00e7\u00f5es.<\/p>\n\n<h1 class=\"wp-block-heading\"><strong>Quais direitos voc\u00ea tem sobre seus dados<\/strong><\/h1>\n\n<p>Caso tenha uma conta ou j\u00e1 tenha deixado coment\u00e1rios, voc\u00ea pode solicitar um arquivo com todos os dados pessoais que armazenamos, incluindo informa\u00e7\u00f5es fornecidas voluntariamente.<\/p>\n\n<p>Voc\u00ea tamb\u00e9m pode solicitar a exclus\u00e3o de seus dados pessoais. Isso n\u00e3o inclui dados mantidos para obriga\u00e7\u00f5es administrativas, legais ou de seguran\u00e7a.<\/p>\n\n<h1 class=\"wp-block-heading\"><strong>Para onde seus dados s\u00e3o enviados<\/strong><\/h1>\n\n<p>Coment\u00e1rios de visitantes podem ser verificados por um servi\u00e7o autom\u00e1tico de detec\u00e7\u00e3o de spam.<\/p>\n\t\t\t\t\t\t\t\t<\/div>\n\t\t\t\t\t<\/div>\n\t\t\t\t<\/div>\n\t\t\t\t<\/div>\n\t\t","protected":false},"excerpt":{"rendered":"<p>Quem somos Esta loja funciona como projeto de portf\u00f3lio, criada para demonstra\u00e7\u00e3o e fins profissionais.Nosso endere\u00e7o de site \u00e9: https:\/\/projetos.nextautomatik.com\/finaestampa. Se voc\u00ea gostar da loja e quiser solicitar o desenvolvimento de uma loja personalizada, entre em contato pelo e-mail: contato@nextautomatik.com. Coment\u00e1rios Quando os visitantes deixam coment\u00e1rios no site, coletamos os dados exibidos no formul\u00e1rio de [&hellip;]<\/p>\n","protected":false},"author":2,"featured_media":0,"parent":0,"menu_order":0,"comment_status":"closed","ping_status":"open","template":"","meta":{"footnotes":""},"class_list":["post-3","page","type-page","status-publish","hentry"],"_links":{"self":[{"href":"https:\/\/projetos.nextautomatik.com\/finaestampa\/wp-json\/wp\/v2\/pages\/3","targetHints":{"allow":["GET"]}}],"collection":[{"href":"https:\/\/projetos.nextautomatik.com\/finaestampa\/wp-json\/wp\/v2\/pages"}],"about":[{"href":"https:\/\/projetos.nextautomatik.com\/finaestampa\/wp-json\/wp\/v2\/types\/page"}],"author":[{"embeddable":true,"href":"https:\/\/projetos.nextautomatik.com\/finaestampa\/wp-json\/wp\/v2\/users\/2"}],"replies":[{"embeddable":true,"href":"https:\/\/projetos.nextautomatik.com\/finaestampa\/wp-json\/wp\/v2\/comments?post=3"}],"version-history":[{"count":10,"href":"https:\/\/projetos.nextautomatik.com\/finaestampa\/wp-json\/wp\/v2\/pages\/3\/revisions"}],"predecessor-version":[{"id":566,"href":"https:\/\/projetos.nextautomatik.com\/finaestampa\/wp-json\/wp\/v2\/pages\/3\/revisions\/566"}],"wp:attachment":[{"href":"https:\/\/projetos.nextautomatik.com\/finaestampa\/wp-json\/wp\/v2\/media?parent=3"}],"curies":[{"name":"wp","href":"https:\/\/api.w.org\/{rel}","templated":true}]}}