{"id":136,"date":"2025-11-12T14:48:52","date_gmt":"2025-11-12T17:48:52","guid":{"rendered":"https:\/\/projetos.nextautomatik.com\/finaestampa\/?post_type=product&#038;p=136"},"modified":"2025-11-12T14:49:34","modified_gmt":"2025-11-12T17:49:34","slug":"blusa-de-manga-longa-com-perolas","status":"publish","type":"product","link":"https:\/\/projetos.nextautomatik.com\/finaestampa\/produto\/blusa-de-manga-longa-com-perolas\/","title":{"rendered":"Blusa de manga longa com p\u00e9rolas"},"content":{"rendered":"<h2>Design Refinado com Detalhes Elegantes<\/h2>\n<p>A nossa blusa de manga longa com p\u00e9rolas \u00e9 a escolha perfeita para mulheres que procuram unir conforto e estilo em uma s\u00f3 pe\u00e7a. Trazendo um design cl\u00e1ssico com um toque moderno, esta blusa destaca-se por seus detalhes em p\u00e9rolas, que adicionam uma dose de sofistica\u00e7\u00e3o e feminilidade ao seu visual. Seja para um jantar elegante ou uma reuni\u00e3o casual, esta pe\u00e7a \u00e9 vers\u00e1til e pr\u00e1tica.<\/p>\n<h2>Conforto e Qualidade em Cada Costura<\/h2>\n<p>Feita com materiais selecionados, a blusa oferece uma textura macia e agrad\u00e1vel ao contato com a pele, garantindo conforto durante todo o dia. Sua modelagem foi cuidadosamente desenvolvida para proporcionar um ajuste perfeito e real\u00e7ar a silhueta feminina. Al\u00e9m disso, as p\u00e9rolas s\u00e3o aplicadas de maneira firme e segura, mantendo o acabamento impec\u00e1vel e dur\u00e1vel.<\/p>\n<h2>Versatilidade que se Adapta ao Seu Estilo<\/h2>\n<p>Ideal para compor diferentes estilos, desde o cl\u00e1ssico at\u00e9 o contempor\u00e2neo, a blusa de manga longa com p\u00e9rolas \u00e9 f\u00e1cil de combinar com cal\u00e7as de alfaiataria, saias midi ou at\u00e9 mesmo jeans para um visual casual chic. Caso prefira dar um toque mais sofisticado, basta adicionar acess\u00f3rios discretos, e o resultado ser\u00e1 um look refinado e cheio de personalidade.<\/p>\n<h2>Uma Pe\u00e7a Para Todas as Ocasi\u00f5es<\/h2>\n<p>Se voc\u00ea busca uma pe\u00e7a elegante e atemporal, a blusa de manga longa com p\u00e9rolas ser\u00e1 seu pr\u00f3ximo item indispens\u00e1vel no guarda-roupa. Combinando estilo, qualidade e versatilidade, esta blusa \u00e9 um investimento em moda que nunca sair\u00e1 de tend\u00eancia.<\/p>\n","protected":false},"excerpt":{"rendered":"<p>Design Refinado com Detalhes Elegantes A nossa blusa de manga longa com p\u00e9rolas \u00e9 a escolha perfeita para mulheres que procuram unir conforto e estilo em uma s\u00f3 pe\u00e7a. Trazendo um design cl\u00e1ssico com um toque moderno, esta blusa destaca-se por seus detalhes em p\u00e9rolas, que adicionam uma dose de sofistica\u00e7\u00e3o e feminilidade ao seu [&hellip;]<\/p>\n","protected":false},"featured_media":137,"comment_status":"open","ping_status":"closed","template":"","meta":[],"product_brand":[],"product_cat":[19],"product_tag":[],"class_list":{"0":"post-136","1":"product","2":"type-product","3":"status-publish","4":"has-post-thumbnail","6":"product_cat-blusas","8":"first","9":"instock","10":"shipping-taxable","11":"purchasable","12":"product-type-simple"},"_links":{"self":[{"href":"https:\/\/projetos.nextautomatik.com\/finaestampa\/wp-json\/wp\/v2\/product\/136","targetHints":{"allow":["GET"]}}],"collection":[{"href":"https:\/\/projetos.nextautomatik.com\/finaestampa\/wp-json\/wp\/v2\/product"}],"about":[{"href":"https:\/\/projetos.nextautomatik.com\/finaestampa\/wp-json\/wp\/v2\/types\/product"}],"replies":[{"embeddable":true,"href":"https:\/\/projetos.nextautomatik.com\/finaestampa\/wp-json\/wp\/v2\/comments?post=136"}],"wp:featuredmedia":[{"embeddable":true,"href":"https:\/\/projetos.nextautomatik.com\/finaestampa\/wp-json\/wp\/v2\/media\/137"}],"wp:attachment":[{"href":"https:\/\/projetos.nextautomatik.com\/finaestampa\/wp-json\/wp\/v2\/media?parent=136"}],"wp:term":[{"taxonomy":"product_brand","embeddable":true,"href":"https:\/\/projetos.nextautomatik.com\/finaestampa\/wp-json\/wp\/v2\/product_brand?post=136"},{"taxonomy":"product_cat","embeddable":true,"href":"https:\/\/projetos.nextautomatik.com\/finaestampa\/wp-json\/wp\/v2\/product_cat?post=136"},{"taxonomy":"product_tag","embeddable":true,"href":"https:\/\/projetos.nextautomatik.com\/finaestampa\/wp-json\/wp\/v2\/product_tag?post=136"}],"curies":[{"name":"wp","href":"https:\/\/api.w.org\/{rel}","templated":true}]}}