{"id":150,"date":"2025-11-12T18:27:12","date_gmt":"2025-11-12T21:27:12","guid":{"rendered":"https:\/\/projetos.nextautomatik.com\/finaestampa\/?post_type=product&#038;p=150"},"modified":"2025-11-12T18:34:04","modified_gmt":"2025-11-12T21:34:04","slug":"calca-jeans-lavagem-clara-cintura-alta","status":"publish","type":"product","link":"https:\/\/projetos.nextautomatik.com\/finaestampa\/produto\/calca-jeans-lavagem-clara-cintura-alta\/","title":{"rendered":"Cal\u00e7a jeans lavagem clara cintura alta"},"content":{"rendered":"<h2>Conforto e Estilo para o Dia a Dia<\/h2>\n<p>A cal\u00e7a jeans de lavagem clara com cintura alta \u00e9 a pe\u00e7a perfeita para quem busca aliar estilo e praticidade. Com seu design moderno, essa cal\u00e7a oferece um ajuste confort\u00e1vel e um visual que valoriza todos os tipos de corpo. Feita com materiais de alta qualidade, ela proporciona liberdade de movimentos e durabilidade, ideal para acompanhar voc\u00ea em todas as ocasi\u00f5es.<\/p>\n<h2>Versatilidade: Um Essencial No Seu Guarda-Roupa<\/h2>\n<p>Essa cal\u00e7a jeans lavagem clara se encaixa perfeitamente em diversos estilos e combina\u00e7\u00f5es. Use-a para montar looks casuais com camisetas e t\u00eanis ou crie produ\u00e7\u00f5es mais sofisticadas combinando com blusas elegantes e salto alto. Seja para o trabalho, passeios ou encontros, a cintura alta oferece uma silhueta definida, enquanto a lavagem clara traz modernidade e leveza para qualquer composi\u00e7\u00e3o.<\/p>\n<h2>Por Que Escolher Nossa Cal\u00e7a Jeans?<\/h2>\n<p>O design da cal\u00e7a jeans lavagem clara cintura alta foi pensado para unir tend\u00eancias \u00e0s necessidades pr\u00e1ticas do cotidiano. Seu tecido resistente mant\u00e9m a sua forma mesmo com o uso frequente, enquanto os detalhes refor\u00e7ados garantem maior conforto. Al\u00e9m disso, sua modelagem inovadora e a tonalidade clara tornam essa pe\u00e7a uma escolha que est\u00e1 sempre na moda.<\/p>\n","protected":false},"excerpt":{"rendered":"<p>Conforto e Estilo para o Dia a Dia A cal\u00e7a jeans de lavagem clara com cintura alta \u00e9 a pe\u00e7a perfeita para quem busca aliar estilo e praticidade. Com seu design moderno, essa cal\u00e7a oferece um ajuste confort\u00e1vel e um visual que valoriza todos os tipos de corpo. Feita com materiais de alta qualidade, ela [&hellip;]<\/p>\n","protected":false},"featured_media":151,"comment_status":"open","ping_status":"closed","template":"","meta":[],"product_brand":[],"product_cat":[18,21],"product_tag":[],"class_list":{"0":"post-150","1":"product","2":"type-product","3":"status-publish","4":"has-post-thumbnail","6":"product_cat-calcas","7":"product_cat-jeans","9":"first","10":"instock","11":"shipping-taxable","12":"purchasable","13":"product-type-simple"},"_links":{"self":[{"href":"https:\/\/projetos.nextautomatik.com\/finaestampa\/wp-json\/wp\/v2\/product\/150","targetHints":{"allow":["GET"]}}],"collection":[{"href":"https:\/\/projetos.nextautomatik.com\/finaestampa\/wp-json\/wp\/v2\/product"}],"about":[{"href":"https:\/\/projetos.nextautomatik.com\/finaestampa\/wp-json\/wp\/v2\/types\/product"}],"replies":[{"embeddable":true,"href":"https:\/\/projetos.nextautomatik.com\/finaestampa\/wp-json\/wp\/v2\/comments?post=150"}],"wp:featuredmedia":[{"embeddable":true,"href":"https:\/\/projetos.nextautomatik.com\/finaestampa\/wp-json\/wp\/v2\/media\/151"}],"wp:attachment":[{"href":"https:\/\/projetos.nextautomatik.com\/finaestampa\/wp-json\/wp\/v2\/media?parent=150"}],"wp:term":[{"taxonomy":"product_brand","embeddable":true,"href":"https:\/\/projetos.nextautomatik.com\/finaestampa\/wp-json\/wp\/v2\/product_brand?post=150"},{"taxonomy":"product_cat","embeddable":true,"href":"https:\/\/projetos.nextautomatik.com\/finaestampa\/wp-json\/wp\/v2\/product_cat?post=150"},{"taxonomy":"product_tag","embeddable":true,"href":"https:\/\/projetos.nextautomatik.com\/finaestampa\/wp-json\/wp\/v2\/product_tag?post=150"}],"curies":[{"name":"wp","href":"https:\/\/api.w.org\/{rel}","templated":true}]}}